{"id":21,"date":"2012-06-06T21:56:48","date_gmt":"2012-06-06T19:56:48","guid":{"rendered":"http:\/\/alexis.nomine.fr\/en\/?page_id=21"},"modified":"2013-04-17T05:41:12","modified_gmt":"2013-04-17T03:41:12","slug":"portfolio","status":"publish","type":"page","link":"https:\/\/alexis.nomine.fr\/en\/portfolio\/","title":{"rendered":"Portfolio"},"content":{"rendered":"<p>Feel free to have a look my latest creations:<\/p>\n\t\t<div class=\"portfolio\">\n\t\t\t\t\t\n\t\t<article id=\"realisation-318\" class=\"col-0\">\n\t\t\t<a href=\"https:\/\/www.placedescartes.fr\/\" target=\"_blank\">\n\t\t\t\t<h2>PlaceDesCartes<\/h2>\n\t\t\t\t<div class=\"info\">\n\t\t\t\t\t<img loading=\"lazy\" decoding=\"async\" width=\"420\" height=\"300\" src=\"https:\/\/alexis.nomine.fr\/en\/files\/2014\/11\/placedescartes.png\" class=\"attachment-420x300 size-420x300 wp-post-image\" alt=\"PlaceDesCartes\" srcset=\"https:\/\/alexis.nomine.fr\/en\/files\/2014\/11\/placedescartes.png 420w, https:\/\/alexis.nomine.fr\/en\/files\/2014\/11\/placedescartes-300x214.png 300w\" sizes=\"auto, (max-width: 420px) 100vw, 420px\" \/>\t\t\t\t\t<div class=\"description\">\n\t\t\t\t\t\tDiscounted gift cards marketplace\r\n<ul class=\"check\">\r\n\t<li>Laravel PHP Framework<\/li>\r\n\t<li>Responsive Design<\/li>\r\n\t<li>Custom made eCommerce solution<\/li>\r\n<\/ul>\t\t\t\t\t<\/div>\n\t\t\t\t<\/div>\n\t\t\t<\/a>\n\t\t<\/article>\n\t\t\t\t\t\n\t\t<article id=\"realisation-301\" class=\"col-1\">\n\t\t\t<a href=\"http:\/\/www.yourigin.com\/\" target=\"_blank\">\n\t\t\t\t<h2>Yourigin Immobilier<\/h2>\n\t\t\t\t<div class=\"info\">\n\t\t\t\t\t<img loading=\"lazy\" decoding=\"async\" width=\"420\" height=\"300\" src=\"https:\/\/alexis.nomine.fr\/en\/files\/2014\/02\/yourigin.jpg\" class=\"attachment-420x300 size-420x300 wp-post-image\" alt=\"Yourigin Immobilier\" srcset=\"https:\/\/alexis.nomine.fr\/en\/files\/2014\/02\/yourigin.jpg 420w, https:\/\/alexis.nomine.fr\/en\/files\/2014\/02\/yourigin-300x214.jpg 300w\" sizes=\"auto, (max-width: 420px) 100vw, 420px\" \/>\t\t\t\t\t<div class=\"description\">\n\t\t\t\t\t\tFrench real estate agency.\r\n<ul class=\"check\">\r\n\t<li>Based on WordPress<\/li>\r\n\t<li>\"Responsive\" theme<\/li>\r\n\t<li>Tailor made property management system<\/li>\r\n<\/ul>\t\t\t\t\t<\/div>\n\t\t\t\t<\/div>\n\t\t\t<\/a>\n\t\t<\/article>\n\t\t\t\t\t\n\t\t<article id=\"realisation-299\" class=\"col-2\">\n\t\t\t<a href=\"http:\/\/www.magnoliaflorist.com.au\/\" target=\"_blank\">\n\t\t\t\t<h2>Magnolia Flowers<\/h2>\n\t\t\t\t<div class=\"info\">\n\t\t\t\t\t<img loading=\"lazy\" decoding=\"async\" width=\"420\" height=\"300\" src=\"https:\/\/alexis.nomine.fr\/en\/files\/2014\/02\/magnolia.jpg\" class=\"attachment-420x300 size-420x300 wp-post-image\" alt=\"Magnolia Flowers\" srcset=\"https:\/\/alexis.nomine.fr\/en\/files\/2014\/02\/magnolia.jpg 420w, https:\/\/alexis.nomine.fr\/en\/files\/2014\/02\/magnolia-300x214.jpg 300w\" sizes=\"auto, (max-width: 420px) 100vw, 420px\" \/>\t\t\t\t\t<div class=\"description\">\n\t\t\t\t\t\tTasmanian florist in Hobart (Australia).\r\n<ul class=\"check\">\r\n\t<li>Based on WordPress<\/li>\r\n\t<li>\"Responsive\" theme<\/li>\r\n\t<li>Shop based on WooCommerce<\/li>\r\n<\/ul>\t\t\t\t\t<\/div>\n\t\t\t\t<\/div>\n\t\t\t<\/a>\n\t\t<\/article>\n\t\t\t\t\t\n\t\t<article id=\"realisation-260\" class=\"col-0\">\n\t\t\t<a href=\"http:\/\/www.gillespiesgingerbeer.com.au\/\" target=\"_blank\">\n\t\t\t\t<h2>Gillespie's Ginger Beer<\/h2>\n\t\t\t\t<div class=\"info\">\n\t\t\t\t\t<img loading=\"lazy\" decoding=\"async\" width=\"420\" height=\"300\" src=\"https:\/\/alexis.nomine.fr\/en\/files\/2013\/06\/gillespies.jpg\" class=\"attachment-420x300 size-420x300 wp-post-image\" alt=\"Gillespie&#039;s Ginger Beer\" srcset=\"https:\/\/alexis.nomine.fr\/en\/files\/2013\/06\/gillespies.jpg 420w, https:\/\/alexis.nomine.fr\/en\/files\/2013\/06\/gillespies-300x214.jpg 300w\" sizes=\"auto, (max-width: 420px) 100vw, 420px\" \/>\t\t\t\t\t<div class=\"description\">\n\t\t\t\t\t\tTasmanian ginger beer artisanal brewery (Australia).\r\n<ul class=\"check\">\r\n\t<li>Based on WordPress<\/li>\r\n\t<li>\"Responsive\" theme<\/li>\r\n\t<li>Custom jQuery animations<\/li>\r\n<\/ul>\t\t\t\t\t<\/div>\n\t\t\t\t<\/div>\n\t\t\t<\/a>\n\t\t<\/article>\n\t\t\t\t\t\n\t\t<article id=\"realisation-160\" class=\"col-1\">\n\t\t\t<a href=\"http:\/\/www.brockleyestate.com.au\/\" target=\"_blank\">\n\t\t\t\t<h2>Brockley Estate<\/h2>\n\t\t\t\t<div class=\"info\">\n\t\t\t\t\t<img loading=\"lazy\" decoding=\"async\" width=\"420\" height=\"300\" src=\"https:\/\/alexis.nomine.fr\/en\/files\/2013\/03\/brockleyestate.jpg\" class=\"attachment-420x300 size-420x300 wp-post-image\" alt=\"Brockley Estate\" srcset=\"https:\/\/alexis.nomine.fr\/en\/files\/2013\/03\/brockleyestate.jpg 420w, https:\/\/alexis.nomine.fr\/en\/files\/2013\/03\/brockleyestate-300x214.jpg 300w\" sizes=\"auto, (max-width: 420px) 100vw, 420px\" \/>\t\t\t\t\t<div class=\"description\">\n\t\t\t\t\t\tTasmanian heritage accommodation (Australia).\r\n<ul class=\"check\">\r\n\t<li>New version of an existing Joomla website<\/li>\r\n\t<li>\"Responsive\" theme<\/li>\r\n\t<li>Based on WordPress<\/li>\r\n\t<li>Custom jQuery animations<\/li>\r\n<\/ul>\t\t\t\t\t<\/div>\n\t\t\t\t<\/div>\n\t\t\t<\/a>\n\t\t<\/article>\n\t\t\t\t\t\n\t\t<article id=\"realisation-78\" class=\"col-2\">\n\t\t\t<a href=\"http:\/\/www.davidmiranda.me\/\" target=\"_blank\">\n\t\t\t\t<h2>David Miranda Portfolio<\/h2>\n\t\t\t\t<div class=\"info\">\n\t\t\t\t\t<img loading=\"lazy\" decoding=\"async\" width=\"420\" height=\"300\" src=\"https:\/\/alexis.nomine.fr\/en\/files\/2012\/06\/dmiranda.jpg\" class=\"attachment-420x300 size-420x300 wp-post-image\" alt=\"David Miranda Portfolio\" srcset=\"https:\/\/alexis.nomine.fr\/en\/files\/2012\/06\/dmiranda.jpg 420w, https:\/\/alexis.nomine.fr\/en\/files\/2012\/06\/dmiranda-300x214.jpg 300w\" sizes=\"auto, (max-width: 420px) 100vw, 420px\" \/>\t\t\t\t\t<div class=\"description\">\n\t\t\t\t\t\tPortfolio of a 3D expert.\r\n<ul class=\"check\">\r\n\t<li>New version of an existing static website<\/li>\r\n\t<li>\"Responsive\" theme from the existing design<\/li>\r\n\t<li>Based on WordPress<\/li>\r\n\t<li>Custom jQuery animations<\/li>\r\n<\/ul>\t\t\t\t\t<\/div>\n\t\t\t\t<\/div>\n\t\t\t<\/a>\n\t\t<\/article>\n\t\t\t\t\t\n\t\t<article id=\"realisation-64\" class=\"col-0\">\n\t\t\t<a href=\"http:\/\/www.albertetclementine.com\/\" target=\"_blank\">\n\t\t\t\t<h2>Albert & Cl\u00e9mentine<\/h2>\n\t\t\t\t<div class=\"info\">\n\t\t\t\t\t<img loading=\"lazy\" decoding=\"async\" width=\"420\" height=\"300\" src=\"https:\/\/alexis.nomine.fr\/en\/files\/2012\/06\/albert-clementine.jpg\" class=\"attachment-420x300 size-420x300 wp-post-image\" alt=\"Albert &amp; Cl\u00e9mentine\" srcset=\"https:\/\/alexis.nomine.fr\/en\/files\/2012\/06\/albert-clementine.jpg 420w, https:\/\/alexis.nomine.fr\/en\/files\/2012\/06\/albert-clementine-300x214.jpg 300w\" sizes=\"auto, (max-width: 420px) 100vw, 420px\" \/>\t\t\t\t\t<div class=\"description\">\n\t\t\t\t\t\tIllustrations for children hospitals.\r\n<ul class=\"check\">\r\n\t<li>Based on WordPress<\/li>\r\n\t<li>Theme creation from designer's layout\u00a0(Beno\u00eet Langue)<\/li>\r\n\t<li>Portfolio &amp; picture galleries management<\/li>\r\n<\/ul>\t\t\t\t\t<\/div>\n\t\t\t\t<\/div>\n\t\t\t<\/a>\n\t\t<\/article>\n\t\t\t\t\t\n\t\t<article id=\"realisation-66\" class=\"col-1\">\n\t\t\t<a href=\"http:\/\/www.eons-ago.com\/\" target=\"_blank\">\n\t\t\t\t<h2>Eons Ago - Vincent Vesp\u00e9rant<\/h2>\n\t\t\t\t<div class=\"info\">\n\t\t\t\t\t<img loading=\"lazy\" decoding=\"async\" width=\"420\" height=\"300\" src=\"https:\/\/alexis.nomine.fr\/en\/files\/2012\/06\/eons-ago.jpg\" class=\"attachment-420x300 size-420x300 wp-post-image\" alt=\"Eons Ago - Vincent Vesp\u00e9rant\" srcset=\"https:\/\/alexis.nomine.fr\/en\/files\/2012\/06\/eons-ago.jpg 420w, https:\/\/alexis.nomine.fr\/en\/files\/2012\/06\/eons-ago-300x214.jpg 300w\" sizes=\"auto, (max-width: 420px) 100vw, 420px\" \/>\t\t\t\t\t<div class=\"description\">\n\t\t\t\t\t\tFrench photographer.\r\n<ul class=\"check\">\r\n\t<li>Based on WordPress<\/li>\r\n\t<li>Theme design from client's ideas<\/li>\r\n\t<li>Flickr integration<\/li>\r\n\t<li>Horizontal galleries<\/li>\r\n<\/ul>\t\t\t\t\t<\/div>\n\t\t\t\t<\/div>\n\t\t\t<\/a>\n\t\t<\/article>\n\t\t\t\t\t\n\t\t<article id=\"realisation-86\" class=\"col-2\">\n\t\t\t<a href=\"http:\/\/www.rayong-seaview-apartment.com\/\" target=\"_blank\">\n\t\t\t\t<h2>Rayong Seaview Apartment<\/h2>\n\t\t\t\t<div class=\"info\">\n\t\t\t\t\t<img loading=\"lazy\" decoding=\"async\" width=\"420\" height=\"300\" src=\"https:\/\/alexis.nomine.fr\/en\/files\/2012\/06\/rayong-seaview.jpg\" class=\"attachment-420x300 size-420x300 wp-post-image\" alt=\"Rayong Seaview Apartment\" srcset=\"https:\/\/alexis.nomine.fr\/en\/files\/2012\/06\/rayong-seaview.jpg 420w, https:\/\/alexis.nomine.fr\/en\/files\/2012\/06\/rayong-seaview-300x214.jpg 300w\" sizes=\"auto, (max-width: 420px) 100vw, 420px\" \/>\t\t\t\t\t<div class=\"description\">\n\t\t\t\t\t\tFlat rent in Thailand.\r\n<ul class=\"check\">\r\n\t<li>Based on WordPress<\/li>\r\n\t<li>Theme design from client's ideas<\/li>\r\n\t<li>Booking system<\/li>\r\n\t<li>Google Maps<\/li>\r\n<\/ul>\t\t\t\t\t<\/div>\n\t\t\t\t<\/div>\n\t\t\t<\/a>\n\t\t<\/article>\n\t\t\t\t\t\n\t\t<article id=\"realisation-68\" class=\"col-0\">\n\t\t\t<a href=\"http:\/\/www.ffme974.org\/\" target=\"_blank\">\n\t\t\t\t<h2>FFME R\u00e9union<\/h2>\n\t\t\t\t<div class=\"info\">\n\t\t\t\t\t<img loading=\"lazy\" decoding=\"async\" width=\"420\" height=\"300\" src=\"https:\/\/alexis.nomine.fr\/en\/files\/2012\/06\/FFME974.jpg\" class=\"attachment-420x300 size-420x300 wp-post-image\" alt=\"FFME R\u00e9union\" srcset=\"https:\/\/alexis.nomine.fr\/en\/files\/2012\/06\/FFME974.jpg 420w, https:\/\/alexis.nomine.fr\/en\/files\/2012\/06\/FFME974-300x214.jpg 300w\" sizes=\"auto, (max-width: 420px) 100vw, 420px\" \/>\t\t\t\t\t<div class=\"description\">\n\t\t\t\t\t\tFederation of Mountain and Climbing in\u00a0Reunion Island.\r\n<ul class=\"check\">\r\n\t<li>Based on WordPress<\/li>\r\n\t<li>Theme creation from designer's layout\u00a0(Yan Basta)<\/li>\r\n\t<li>Events management &amp; calendar<\/li>\r\n\t<li>Social directory of boulders in Reunion Island<\/li>\r\n\t<li>Photo &amp; video galleries<\/li>\r\n<\/ul>\t\t\t\t\t<\/div>\n\t\t\t\t<\/div>\n\t\t\t<\/a>\n\t\t<\/article>\n\t\t\t\t\t\n\t\t<article id=\"realisation-70\" class=\"col-1\">\n\t\t\t<a href=\"http:\/\/www.flamel.com\/\" target=\"_blank\">\n\t\t\t\t<h2>Flamel Technologies<\/h2>\n\t\t\t\t<div class=\"info\">\n\t\t\t\t\t<img loading=\"lazy\" decoding=\"async\" width=\"420\" height=\"300\" src=\"https:\/\/alexis.nomine.fr\/en\/files\/2012\/06\/flamel.jpg\" class=\"attachment-420x300 size-420x300 wp-post-image\" alt=\"Flamel Technologies\" srcset=\"https:\/\/alexis.nomine.fr\/en\/files\/2012\/06\/flamel.jpg 420w, https:\/\/alexis.nomine.fr\/en\/files\/2012\/06\/flamel-300x214.jpg 300w\" sizes=\"auto, (max-width: 420px) 100vw, 420px\" \/>\t\t\t\t\t<div class=\"description\">\n\t\t\t\t\t\tFrench biotech company (NASDAQ:FLML).\r\n<ul class=\"check\">\r\n\t<li>Based on WordPress<\/li>\r\n\t<li>Premium theme customization<\/li>\r\n\t<li>Events management<\/li>\r\n\t<li>External data integration<\/li>\r\n\t<li>Custom news slider<\/li>\r\n<\/ul>\t\t\t\t\t<\/div>\n\t\t\t\t<\/div>\n\t\t\t<\/a>\n\t\t<\/article>\n\t\t\t\t\t\n\t\t<article id=\"realisation-72\" class=\"col-2\">\n\t\t\t<a href=\"http:\/\/www.art-priscillia.fr\/\" target=\"_blank\">\n\t\t\t\t<h2>Art - Priscillia<\/h2>\n\t\t\t\t<div class=\"info\">\n\t\t\t\t\t<img loading=\"lazy\" decoding=\"async\" width=\"420\" height=\"300\" src=\"https:\/\/alexis.nomine.fr\/en\/files\/2012\/06\/art-priscillia.jpg\" class=\"attachment-420x300 size-420x300 wp-post-image\" alt=\"Art - Priscillia\" srcset=\"https:\/\/alexis.nomine.fr\/en\/files\/2012\/06\/art-priscillia.jpg 420w, https:\/\/alexis.nomine.fr\/en\/files\/2012\/06\/art-priscillia-300x214.jpg 300w\" sizes=\"auto, (max-width: 420px) 100vw, 420px\" \/>\t\t\t\t\t<div class=\"description\">\n\t\t\t\t\t\tBlog of a french theater actress.\r\n<ul class=\"check\">\r\n\t<li>Based on WordPress<\/li>\r\n\t<li>Premium theme customization<\/li>\r\n\t<li>Pictures galleries<\/li>\r\n<\/ul>\t\t\t\t\t<\/div>\n\t\t\t\t<\/div>\n\t\t\t<\/a>\n\t\t<\/article>\n\t\t\t\t\t\n\t\t<article id=\"realisation-74\" class=\"col-0\">\n\t\t\t<a href=\"http:\/\/www.laboiteamelisse.fr\/\" target=\"_blank\">\n\t\t\t\t<h2>La Bo\u00eete \u00e0 M\u00e9lisse<\/h2>\n\t\t\t\t<div class=\"info\">\n\t\t\t\t\t<img loading=\"lazy\" decoding=\"async\" width=\"420\" height=\"300\" src=\"https:\/\/alexis.nomine.fr\/en\/files\/2012\/06\/laboiteamelisse.jpg\" class=\"attachment-420x300 size-420x300 wp-post-image\" alt=\"La Bo\u00eete \u00e0 M\u00e9lisse\" srcset=\"https:\/\/alexis.nomine.fr\/en\/files\/2012\/06\/laboiteamelisse.jpg 420w, https:\/\/alexis.nomine.fr\/en\/files\/2012\/06\/laboiteamelisse-300x214.jpg 300w\" sizes=\"auto, (max-width: 420px) 100vw, 420px\" \/>\t\t\t\t\t<div class=\"description\">\n\t\t\t\t\t\tFrench herbalist &amp; tea house.\r\n<ul class=\"check\">\r\n\t<li>Based on WordPress<\/li>\r\n\t<li>Theme design from client's ideas<\/li>\r\n\t<li>News slider<\/li>\r\n\t<li>Picture galleries<\/li>\r\n\t<li>Google Maps<\/li>\r\n<\/ul>\t\t\t\t\t<\/div>\n\t\t\t\t<\/div>\n\t\t\t<\/a>\n\t\t<\/article>\n\t\t\t\t\t\n\t\t<article id=\"realisation-76\" class=\"col-1\">\n\t\t\t<a href=\"http:\/\/www.cherescousines.com\/\" target=\"_blank\">\n\t\t\t\t<h2>Ch\u00e8res Cousines<\/h2>\n\t\t\t\t<div class=\"info\">\n\t\t\t\t\t<img loading=\"lazy\" decoding=\"async\" width=\"417\" height=\"300\" src=\"https:\/\/alexis.nomine.fr\/en\/files\/2012\/06\/cherescousines.jpg\" class=\"attachment-420x300 size-420x300 wp-post-image\" alt=\"Ch\u00e8res Cousines\" srcset=\"https:\/\/alexis.nomine.fr\/en\/files\/2012\/06\/cherescousines.jpg 417w, https:\/\/alexis.nomine.fr\/en\/files\/2012\/06\/cherescousines-300x215.jpg 300w\" sizes=\"auto, (max-width: 417px) 100vw, 417px\" \/>\t\t\t\t\t<div class=\"description\">\n\t\t\t\t\t\tVery good bagel restaurant in Lyon.\r\n<ul class=\"check\">\r\n\t<li>Based on WordPress<\/li>\r\n\t<li>Custom jQuery Animations<\/li>\r\n\t<li>Theme creation from designer's layout\u00a0(Benoit Langue)<\/li>\r\n\t<li>Guestbook<\/li>\r\n\t<li>Google Maps<\/li>\r\n<\/ul>\t\t\t\t\t<\/div>\n\t\t\t\t<\/div>\n\t\t\t<\/a>\n\t\t<\/article>\n\t\t\t\t<\/div>\n\t\n","protected":false},"excerpt":{"rendered":"<p>Feel free to have a look my latest creations:<\/p>\n","protected":false},"author":1,"featured_media":0,"parent":0,"menu_order":0,"comment_status":"closed","ping_status":"closed","template":"","meta":{"_exactmetrics_skip_tracking":false,"_exactmetrics_sitenote_active":false,"_exactmetrics_sitenote_note":"","_exactmetrics_sitenote_category":0,"footnotes":""},"class_list":["post-21","page","type-page","status-publish","hentry"],"yoast_head":"<!-- This site is optimized with the Yoast SEO plugin v27.4 - https:\/\/yoast.com\/product\/yoast-seo-wordpress\/ -->\n<title>Portfolio - Nomine Web Creations<\/title>\n<meta name=\"robots\" content=\"index, follow, max-snippet:-1, max-image-preview:large, max-video-preview:-1\" \/>\n<link rel=\"canonical\" href=\"https:\/\/alexis.nomine.fr\/en\/portfolio\/\" \/>\n<script type=\"application\/ld+json\" class=\"yoast-schema-graph\">{\"@context\":\"https:\\\/\\\/schema.org\",\"@graph\":[{\"@type\":\"WebPage\",\"@id\":\"https:\\\/\\\/alexis.nomine.fr\\\/en\\\/portfolio\\\/\",\"url\":\"https:\\\/\\\/alexis.nomine.fr\\\/en\\\/portfolio\\\/\",\"name\":\"Portfolio - Nomine Web Creations\",\"isPartOf\":{\"@id\":\"https:\\\/\\\/alexis.nomine.fr\\\/en\\\/#website\"},\"datePublished\":\"2012-06-06T19:56:48+00:00\",\"dateModified\":\"2013-04-17T03:41:12+00:00\",\"inLanguage\":\"en-US\",\"potentialAction\":[{\"@type\":\"ReadAction\",\"target\":[\"https:\\\/\\\/alexis.nomine.fr\\\/en\\\/portfolio\\\/\"]}]},{\"@type\":\"WebSite\",\"@id\":\"https:\\\/\\\/alexis.nomine.fr\\\/en\\\/#website\",\"url\":\"https:\\\/\\\/alexis.nomine.fr\\\/en\\\/\",\"name\":\"Nomine Web Creations\",\"description\":\"Websites creation, development, web design\",\"potentialAction\":[{\"@type\":\"SearchAction\",\"target\":{\"@type\":\"EntryPoint\",\"urlTemplate\":\"https:\\\/\\\/alexis.nomine.fr\\\/en\\\/?s={search_term_string}\"},\"query-input\":{\"@type\":\"PropertyValueSpecification\",\"valueRequired\":true,\"valueName\":\"search_term_string\"}}],\"inLanguage\":\"en-US\"}]}<\/script>\n<!-- \/ Yoast SEO plugin. -->","yoast_head_json":{"title":"Portfolio - Nomine Web Creations","robots":{"index":"index","follow":"follow","max-snippet":"max-snippet:-1","max-image-preview":"max-image-preview:large","max-video-preview":"max-video-preview:-1"},"canonical":"https:\/\/alexis.nomine.fr\/en\/portfolio\/","schema":{"@context":"https:\/\/schema.org","@graph":[{"@type":"WebPage","@id":"https:\/\/alexis.nomine.fr\/en\/portfolio\/","url":"https:\/\/alexis.nomine.fr\/en\/portfolio\/","name":"Portfolio - Nomine Web Creations","isPartOf":{"@id":"https:\/\/alexis.nomine.fr\/en\/#website"},"datePublished":"2012-06-06T19:56:48+00:00","dateModified":"2013-04-17T03:41:12+00:00","inLanguage":"en-US","potentialAction":[{"@type":"ReadAction","target":["https:\/\/alexis.nomine.fr\/en\/portfolio\/"]}]},{"@type":"WebSite","@id":"https:\/\/alexis.nomine.fr\/en\/#website","url":"https:\/\/alexis.nomine.fr\/en\/","name":"Nomine Web Creations","description":"Websites creation, development, web design","potentialAction":[{"@type":"SearchAction","target":{"@type":"EntryPoint","urlTemplate":"https:\/\/alexis.nomine.fr\/en\/?s={search_term_string}"},"query-input":{"@type":"PropertyValueSpecification","valueRequired":true,"valueName":"search_term_string"}}],"inLanguage":"en-US"}]}},"jetpack_sharing_enabled":true,"_links":{"self":[{"href":"https:\/\/alexis.nomine.fr\/en\/wp-json\/wp\/v2\/pages\/21","targetHints":{"allow":["GET"]}}],"collection":[{"href":"https:\/\/alexis.nomine.fr\/en\/wp-json\/wp\/v2\/pages"}],"about":[{"href":"https:\/\/alexis.nomine.fr\/en\/wp-json\/wp\/v2\/types\/page"}],"author":[{"embeddable":true,"href":"https:\/\/alexis.nomine.fr\/en\/wp-json\/wp\/v2\/users\/1"}],"replies":[{"embeddable":true,"href":"https:\/\/alexis.nomine.fr\/en\/wp-json\/wp\/v2\/comments?post=21"}],"version-history":[{"count":0,"href":"https:\/\/alexis.nomine.fr\/en\/wp-json\/wp\/v2\/pages\/21\/revisions"}],"wp:attachment":[{"href":"https:\/\/alexis.nomine.fr\/en\/wp-json\/wp\/v2\/media?parent=21"}],"curies":[{"name":"wp","href":"https:\/\/api.w.org\/{rel}","templated":true}]}}